{"id":21,"date":"2016-05-02T11:29:09","date_gmt":"2016-05-02T09:29:09","guid":{"rendered":"http:\/\/kunst-gutachter.de\/relaunch2016\/?page_id=21"},"modified":"2021-11-11T12:15:45","modified_gmt":"2021-11-11T11:15:45","slug":"kontakt","status":"publish","type":"page","link":"https:\/\/kunst-gutachter.de\/en\/kontakt\/","title":{"rendered":"Kontakt"},"content":{"rendered":"<h1><strong>Dr. phil. Martin Pracher<\/strong><\/h1>\n<h2>Publicly appointed and sworn expert witness<br \/>\nAppraiser BVK<\/h2>\n<p>Paintings &#8211; Sculptures &#8211; Valuables<\/p>\n<p><strong>Office<\/strong><br \/>\nGerbrunner Weg 8<br \/>\n97074 W\u00fcrzburg<br \/>\nBavaria, Germany<\/p>\n<p><strong>Studio<\/strong><br \/>\nTextorstra\u00dfe 24-26<br \/>\n97070 W\u00fcrzburg<br \/>\nBavaria, Germany<\/p>\n<p><a href=\"mailto:pracher@kunst-gutachter.de\"><img loading=\"lazy\" decoding=\"async\" class=\" wp-image-615 alignnone\" src=\"https:\/\/kunst-gutachter.de\/wp-content\/uploads\/2016\/05\/phone2-1-1.jpg\" alt=\"phone2\" width=\"32\" height=\"31\"><\/a><a href=\"tel:00491792127690\"> +49 (0) 179-2127690<\/a><\/p>\n<p><a href=\"mailto:pracher@kunst-gutachter.de\"><img loading=\"lazy\" decoding=\"async\" class=\"alignnone wp-image-616\" src=\"https:\/\/kunst-gutachter.de\/wp-content\/uploads\/2016\/05\/email2-1-1.jpg\" alt=\"email2\" width=\"31\" height=\"24\"> pracher@kunst-gutachter.de<\/a><\/p>\n","protected":false},"excerpt":{"rendered":"<p>Dr. phil. Martin Pracher Publicly appointed and sworn expert witness Appraiser BVK Paintings &#8211; Sculptures &#8211; Valuables Office Gerbrunner Weg 8 97074 W\u00fcrzburg Bavaria, Germany Studio Textorstra\u00dfe 24-26 97070 W\u00fcrzburg Bavaria, Germany +49 (0) 179-2127690 pracher@kunst-gutachter.de<\/p>\n","protected":false},"author":1,"featured_media":449,"parent":0,"menu_order":0,"comment_status":"closed","ping_status":"closed","template":"","meta":{"_coblocks_attr":"","_coblocks_dimensions":"","_coblocks_responsive_height":"","_coblocks_accordion_ie_support":"","hide_page_title":"","footnotes":""},"class_list":["post-21","page","type-page","status-publish","has-post-thumbnail","hentry"],"_links":{"self":[{"href":"https:\/\/kunst-gutachter.de\/en\/wp-json\/wp\/v2\/pages\/21","targetHints":{"allow":["GET"]}}],"collection":[{"href":"https:\/\/kunst-gutachter.de\/en\/wp-json\/wp\/v2\/pages"}],"about":[{"href":"https:\/\/kunst-gutachter.de\/en\/wp-json\/wp\/v2\/types\/page"}],"author":[{"embeddable":true,"href":"https:\/\/kunst-gutachter.de\/en\/wp-json\/wp\/v2\/users\/1"}],"replies":[{"embeddable":true,"href":"https:\/\/kunst-gutachter.de\/en\/wp-json\/wp\/v2\/comments?post=21"}],"version-history":[{"count":2,"href":"https:\/\/kunst-gutachter.de\/en\/wp-json\/wp\/v2\/pages\/21\/revisions"}],"predecessor-version":[{"id":2292,"href":"https:\/\/kunst-gutachter.de\/en\/wp-json\/wp\/v2\/pages\/21\/revisions\/2292"}],"wp:featuredmedia":[{"embeddable":true,"href":"https:\/\/kunst-gutachter.de\/en\/wp-json\/wp\/v2\/media\/449"}],"wp:attachment":[{"href":"https:\/\/kunst-gutachter.de\/en\/wp-json\/wp\/v2\/media?parent=21"}],"curies":[{"name":"wp","href":"https:\/\/api.w.org\/{rel}","templated":true}]}}