{"id":2476,"date":"2021-11-11T12:21:19","date_gmt":"2021-11-11T11:21:19","guid":{"rendered":"https:\/\/kunst-gutachter.de\/?page_id=2476"},"modified":"2021-11-11T12:21:19","modified_gmt":"2021-11-11T11:21:19","slug":"contact-english","status":"publish","type":"page","link":"https:\/\/kunst-gutachter.de\/en\/contact-english\/","title":{"rendered":"Contact ENGLISH"},"content":{"rendered":"\n<p>Dr. phil. Martin Pracher<br>Publicly appointed and sworn expert witness<br>Appraiser BVK<\/p>\n\n\n\n<p>Paintings &#8211; Sculptures &#8211; Valuables<br>&nbsp;<br>Office<br>Gerbrunner Weg 8<br>97074 W\u00fcrzburg<br>Bavaria, Germany<br>&nbsp;<br>Studio<br>Textorstra\u00dfe 24-26<br>97070 W\u00fcrzburg<br>Bavaria, Germany<\/p>\n\n\n\n<p>+49 (0) 179-2127690<\/p>\n\n\n\n<p>pracher@kunst-gutachter.de<\/p>\n","protected":false},"excerpt":{"rendered":"<p>Dr. phil. Martin PracherPublicly appointed and sworn expert witnessAppraiser BVK Paintings &#8211; Sculptures &#8211; Valuables&nbsp;OfficeGerbrunner Weg 897074 W\u00fcrzburgBavaria, Germany&nbsp;StudioTextorstra\u00dfe 24-2697070 W\u00fcrzburgBavaria, Germany +49 (0) 179-2127690 pracher@kunst-gutachter.de<\/p>\n","protected":false},"author":1,"featured_media":2213,"parent":0,"menu_order":0,"comment_status":"closed","ping_status":"closed","template":"","meta":{"_coblocks_attr":"","_coblocks_dimensions":"","_coblocks_responsive_height":"","_coblocks_accordion_ie_support":"","hide_page_title":"","footnotes":""},"class_list":["post-2476","page","type-page","status-publish","has-post-thumbnail","hentry"],"_links":{"self":[{"href":"https:\/\/kunst-gutachter.de\/en\/wp-json\/wp\/v2\/pages\/2476","targetHints":{"allow":["GET"]}}],"collection":[{"href":"https:\/\/kunst-gutachter.de\/en\/wp-json\/wp\/v2\/pages"}],"about":[{"href":"https:\/\/kunst-gutachter.de\/en\/wp-json\/wp\/v2\/types\/page"}],"author":[{"embeddable":true,"href":"https:\/\/kunst-gutachter.de\/en\/wp-json\/wp\/v2\/users\/1"}],"replies":[{"embeddable":true,"href":"https:\/\/kunst-gutachter.de\/en\/wp-json\/wp\/v2\/comments?post=2476"}],"version-history":[{"count":1,"href":"https:\/\/kunst-gutachter.de\/en\/wp-json\/wp\/v2\/pages\/2476\/revisions"}],"predecessor-version":[{"id":2477,"href":"https:\/\/kunst-gutachter.de\/en\/wp-json\/wp\/v2\/pages\/2476\/revisions\/2477"}],"wp:featuredmedia":[{"embeddable":true,"href":"https:\/\/kunst-gutachter.de\/en\/wp-json\/wp\/v2\/media\/2213"}],"wp:attachment":[{"href":"https:\/\/kunst-gutachter.de\/en\/wp-json\/wp\/v2\/media?parent=2476"}],"curies":[{"name":"wp","href":"https:\/\/api.w.org\/{rel}","templated":true}]}}