{"id":2550,"date":"2021-11-13T11:12:49","date_gmt":"2021-11-13T10:12:49","guid":{"rendered":"https:\/\/kunst-gutachter.de\/?page_id=2550"},"modified":"2025-10-13T11:18:06","modified_gmt":"2025-10-13T09:18:06","slug":"qualification","status":"publish","type":"page","link":"https:\/\/kunst-gutachter.de\/en\/qualification\/","title":{"rendered":"Qualification"},"content":{"rendered":"\n<h1 class=\"wp-block-heading\">Qualification<\/h1>\n\n\n\n<h2 class=\"wp-block-heading\">Art Expert<\/h2>\n\n\n\n<p>25 years experience as art expert, expert witness and appraiser for court, insurance, public and private collections.<br>Numerous publications, lectures and provided training on the formation and diminution of value of art and antiques.<br>By the Chamber of Commerce W\u00fcrzburg-Schweinfurt publicly appointed and sworn expert witness for damage assessment for paintings and sculptures.<br>Doctor of Philosophy in Art Technology.<br>Lecturer at the Julius-Maximilians-University W\u00fcrzburg in Technical Art History, Preventive Conservation and Damage Phenomena. Visiting Professor und Asst. Professor an der Tainan National University of the Arts, TNNUA, Taiwan.<\/p>\n\n\n\n<h2 class=\"wp-block-heading\">Academic education<\/h2>\n\n\n\n<p>Studies in Art History in W\u00fcrzburg<br>Studies in Restoration, Art Technology and Conservation Science in Munich<br>University diploma (Dipl.-Rest. Univ.) and PhD (Dr. phil.) at the TU Munich<\/p>\n\n\n\n<h2 class=\"wp-block-heading\">Publications and lectures<\/h2>\n\n\n\n<p>Selected publications and lectures can be found under the following link:<br><a href=\"http:\/\/kunst-gutachter.de\/en\/publications-and-lectures\/\">&gt;&gt; publications and lectures<\/a><\/p>\n\n\n\n<h2 class=\"wp-block-heading\">Training<\/h2>\n\n\n\n<p>Wallraf-Richartz- Museum, Cologne,<br>Museum Ludwig, Cologne,<br>St\u00e4dtische Galerie im Lenbachhaus und Kunstbau, Munich,<br>Landesamt f\u00fcr Denkmalpflege Hessen, Wiesbaden.<\/p>\n\n\n\n<h2 class=\"wp-block-heading\">&nbsp;References<\/h2>\n\n\n\n<p>Appraisal and expertise for the following institutions:<br>Amtsgericht Aue, Landgericht Berlin, Amtsgericht Gem\u00fcnden am Main, Amtsgericht N\u00fcrnberg, Amtsgericht Wiesbaden, Landgericht Freiburg im Breisgau, Landgericht Schweinfurt, Landgericht M\u00fcnchen, Landgericht Traunstein, Finanzgericht K\u00f6ln, Staatsanwaltschaft Schweinfurt, Sozialgericht Regensburg, Steuerfahndungsstelle Finanzamt W\u00fcrzburg, Axa Versicherungen, Barmenia Versicherungen, Basler Securitas Versicherungs- Aktiengesellschaft, BavariaDirekt, Bayerischer Versicherungsverband, Condor Allgemeine Versicherung AG, Construction Risk Management GmbH, Kanzlei R\u00f6der &amp; Partner, Crown Relocations Frankfurt, Die Regulierer All Risk Schadenmanagement AG, Deutsche Bundesstiftung Umwelt DBU, ERGO Versicherung AG, Generali Versicherungen, Gothaer Allgemeine Versicherung AG, Haftpflichtkasse Darmstadt, Helvetia Schweizerische Versicherungsgesellschaft AG, HDI Gerling Industrie Versicherung AG, HUK Coburg, Interlloyd Versicherungs AG, IFS Institut f\u00fcr Sachverst\u00e4ndigenwesen e.V., Kanzlei f\u00fcr K\u00fcnstler- u. Medienrecht RA Ludwig Rentzsch, Kunstsammlungen der Stadt Chemnitz, Mannheimer Versicherungs AG, Naturhistorisches Museum Wien, Nordvers GmbH, Otto-und-Emma-Horn-Stiftung Meissen, OVAG &#8211; Ostdeutsche Versicherung Aktiengesellschaft,&nbsp; R+V Versicherung AG, Signal Iduna Allgemeine Versicherung AG, Dortmund, SHB Allgemeine Versicherung VVaG, Versicherungs Kammer Bayern, Kunstsammlung der Sparkassen, W\u00fcrttembergische und Badische Versicherungs-AG, W\u00fcrzburger Versicherungs AG, Expert of the Bamberg Antikfair in 2009 and 2010, Expert of the ISA Auctionata Auktionen AG 2012-2017.<\/p>\n","protected":false},"excerpt":{"rendered":"<p>Qualification Art Expert 25 years experience as art expert, expert witness and appraiser for court, insurance, public and private collections.Numerous publications, lectures and provided training on the formation and diminution of value of art and antiques.By the Chamber of Commerce W\u00fcrzburg-Schweinfurt publicly appointed and sworn expert witness for damage assessment for paintings and sculptures.Doctor of [&hellip;]<\/p>\n","protected":false},"author":1,"featured_media":2231,"parent":0,"menu_order":0,"comment_status":"closed","ping_status":"closed","template":"","meta":{"_coblocks_attr":"","_coblocks_dimensions":"","_coblocks_responsive_height":"","_coblocks_accordion_ie_support":"","hide_page_title":"","footnotes":""},"class_list":["post-2550","page","type-page","status-publish","has-post-thumbnail","hentry"],"_links":{"self":[{"href":"https:\/\/kunst-gutachter.de\/en\/wp-json\/wp\/v2\/pages\/2550","targetHints":{"allow":["GET"]}}],"collection":[{"href":"https:\/\/kunst-gutachter.de\/en\/wp-json\/wp\/v2\/pages"}],"about":[{"href":"https:\/\/kunst-gutachter.de\/en\/wp-json\/wp\/v2\/types\/page"}],"author":[{"embeddable":true,"href":"https:\/\/kunst-gutachter.de\/en\/wp-json\/wp\/v2\/users\/1"}],"replies":[{"embeddable":true,"href":"https:\/\/kunst-gutachter.de\/en\/wp-json\/wp\/v2\/comments?post=2550"}],"version-history":[{"count":3,"href":"https:\/\/kunst-gutachter.de\/en\/wp-json\/wp\/v2\/pages\/2550\/revisions"}],"predecessor-version":[{"id":4191,"href":"https:\/\/kunst-gutachter.de\/en\/wp-json\/wp\/v2\/pages\/2550\/revisions\/4191"}],"wp:featuredmedia":[{"embeddable":true,"href":"https:\/\/kunst-gutachter.de\/en\/wp-json\/wp\/v2\/media\/2231"}],"wp:attachment":[{"href":"https:\/\/kunst-gutachter.de\/en\/wp-json\/wp\/v2\/media?parent=2550"}],"curies":[{"name":"wp","href":"https:\/\/api.w.org\/{rel}","templated":true}]}}