{"id":2584,"date":"2021-11-13T12:33:56","date_gmt":"2021-11-13T11:33:56","guid":{"rendered":"https:\/\/kunst-gutachter.de\/?page_id=2584"},"modified":"2024-05-16T10:03:21","modified_gmt":"2024-05-16T08:03:21","slug":"selected-publications-and-lectures","status":"publish","type":"page","link":"https:\/\/kunst-gutachter.de\/en\/selected-publications-and-lectures\/","title":{"rendered":"Selected publications and lectures"},"content":{"rendered":"\n<h2 class=\"wp-block-heading\">Selected lectures and publications<\/h2>\n\n\n\n<h2 class=\"wp-block-heading\">Selected lectures<\/h2>\n\n\n\n<p>&#8220;Der Nachkommenschaft zur Nachricht!&#8221;, Vortrag zur aktuellen Verortung der Restaurierung und AI \/&nbsp; KI als Kunstmedium und Werkzeug in der Restaurierung,&nbsp; Universit\u00e4t f\u00fcr Angewandte Kunst,&nbsp; dieangewandte, Wien, April 2024.<\/p>\n\n\n\n<p><\/p>\n\n\n\n<p>&#8220;Ein Kunstwerk als Code: Was hei\u00dft das f\u00fcr Autor*Innenschaft und Original?&#8221;, Impulsreferat beim Summit \u201e<a href=\"https:\/\/www.bbk-bildungswerk.de\/unchained-ki-krypto-kunst\">Unchained: KI, Krypto &amp; Kunst.<\/a> \u00dcber neue \u00d6konomien der digitalen Reproduzierbarkeit und M\u00f6glichkeiten in der bildenden Kunst.&#8221;, Bildungswerk des bbk, Berlin, Sept. 2023.<\/p>\n\n\n\n<p><\/p>\n\n\n\n<p>&#8220;Belastbare Zahlen &#8211; Kunstbewertung im Sachverst\u00e4ndigenwesen&#8221;, Vortrag und Podiumsdiskussion bei der Inlandsakademie &#8220;KUNSTwerk &amp; KUNSTwert &#8211; Was ist uns Kunst wert?&#8221;,<a href=\"https:\/\/www.freiheit.org\/de\" target=\"_blank\" rel=\"noreferrer noopener\"> Friedrich Naumann Stiftung f\u00fcr die Freiheit<\/a>, Berlin, April 2022.<\/p>\n\n\n\n<p><\/p>\n\n\n\n<p>&#8220;Kryptokunst und NFTs &#8211; Perspektiven f\u00fcr Kunstsachverst\u00e4ndige&#8221;, Onlinevortrag bei der offenen Veranstaltung der &#8220;BVK Arbeitsgruppe Kunst: Echtheit und F\u00e4lschung&#8221;, Dez. 2021.<\/p>\n\n\n\n<p><\/p>\n\n\n\n<p>&#8220;Das Kunstsachverst\u00e4ndigengutachten&#8221;, BVK Webinar, zusammen mit dem BVK Vorstand, Okt. 2021.<\/p>\n\n\n\n<p><\/p>\n\n\n\n<p>&#8220;Das Kunstsachverst\u00e4ndigengutachten &#8211; Fragestellungen, Umsetzung, Fallbeispiele&#8221;, Vortrag bei der Tagung &#8220;Kunst und Recht&#8221;, Hessisches Ministerium der Justiz, Deutsche Richterakademie, Wustrau, Sept. 2021 und April 2024.<\/p>\n\n\n\n<p><\/p>\n\n\n\n<p>&#8220;Kryptokunst und NFTs&#8221; &#8211; Wie Non-Fungible Token die Kunstwelt ver\u00e4ndern&#8221;, Vortrag beim Lions Club W\u00fcrzburg-West, Juni 2021 und beim Rotary Club Wiesbaden, Juli 2021.<\/p>\n\n\n\n<p><br>&#8220;Kunstf\u00e4lschung &#8211; Aktuelle F\u00e4lle unter die Lupe genommen&#8221;, Vortrag beim Lions Club W\u00fcrzburg-West, Februar 2020.<\/p>\n\n\n\n<p><\/p>\n\n\n\n<p>&#8220;Neues zur Schadensrezeption und Wertminderung bei Kunstwerken&#8221;, Vortrag beim Kunstsachverst\u00e4ndigentag des BVK &#8220;Kunst zwischen Wert und Wertsch\u00e4tzung&#8221;, N\u00fcrnberg, M\u00e4rz 2019.<\/p>\n\n\n\n<p><\/p>\n\n\n\n<p>&#8220;Kunst und F\u00e4lschung&#8221;, Vortrag beim Lions Club W\u00fcrzburg, November 2017.<br>&#8220;Kunstf\u00e4lschung im Schatten der gro\u00dfen F\u00e4lle &#8211; der Niedrigpreissektor&#8221;, Vortrag beim Kolloquium zur Verabschiedung von Prof. Andreas Burmester, Doerner-Institut, TUM, M\u00fcnchen, Juni 2017.<\/p>\n\n\n\n<p><\/p>\n\n\n\n<p>&#8220;Erhaltungszustand und Wertverlust &#8211; Versicherung und Schaden&#8221;, Vortrag beim IFS Symposium &#8220;Der Kunst einen Wert zuweisen&#8221;, Auktionshaus Van Ham, K\u00f6ln, April 2017.<\/p>\n\n\n\n<p><br>&#8220;Schadensrezeption als restauratorische Aufgabe&#8221;, Vortrag beim Kolloquium Restaurierung, Kunsttechnologie und Konservierungswissenschaft, Vorhoelzer Forum, Fakult\u00e4t f\u00fcr Architektur, TUM, Januar 2017.<\/p>\n\n\n\n<p><\/p>\n\n\n\n<p>Der Q-WERT als Voraussetzung zur Wertminderung bei Kunstwerken&#8221;, Vortrag auf der&nbsp; Konferenz &#8220;Wertminderung und Minderwert &#8211; ein Thema nicht nur f\u00fcr Sachverst\u00e4ndige&#8221;, Bundesverband \u00f6ffentlich bestellter und vereidigter sowie qualifizierter Sachverst\u00e4ndiger e.V. (BVS), Fulda, November 2016.<\/p>\n\n\n\n<p><\/p>\n\n\n\n<p>&#8220;Kunstf\u00e4lschung im Schatten der gro\u00dfen F\u00e4lle&#8221;, Julius-Maximilians-Universit\u00e4t W\u00fcrzburg, Vortrag im Rahmen der Sonderausstellung &#8220;Abenteuer Farbe &#8211; von Azurblau bis Zinnoberrot&#8221; im Mineralogischen Museum zum Themenjahr \u201eFarbenrausch W\u00fcrzburg 2016\u201c, W\u00fcrzburg, Oktober 2016.<\/p>\n\n\n\n<p><\/p>\n\n\n\n<p>\u201eWert &#8211; Schaden &#8211; Wertminderung &#8211; Bewertungskriterien f\u00fcr Kunstwerke&#8221;, Rathgen-Forschungslabor Berlin, Schlo\u00df Charlottenburg, Vortrag im Rahmen der Veranstaltungsreihe &#8220;Konservierungswissenschaft im Dialog&#8221;, Berlin, Feb. 2013.<\/p>\n\n\n\n<p><\/p>\n\n\n\n<p>\u201eDie Qualit\u00e4t des Schadens. Deutung und Bedeutung von Sch\u00e4den an Gem\u00e4lden und Skulpturen\u201c, Kunstsachverst\u00e4ndigentag 2006, Kunstmesse M\u00fcnchen. Bundesverband der \u00f6ffentlich bestellten und vereidigten sowie qualifizierten Kunstsachverst\u00e4ndigen (BVK), M\u00fcnchen 2006.<\/p>\n\n\n\n<p><\/p>\n\n\n\n<h2 class=\"wp-block-heading\">Selected publications<\/h2>\n\n\n\n<p><a href=\"https:\/\/epaper.asscompact.de\/de\/profiles\/53e4066999da-asscompact\/editions\/02-2023\/pages\/page\/20\">&#8220;Kunst zwischen Authentizit\u00e4t, Echtheit und F\u00e4lschung&#8221;<\/a>, in: AssCompact, Das Fachmagazin f\u00fcr Risiko- und Kapitalmanagement, Themenschwerpunkt Kunstversicherung, Februar 2023.<\/p>\n\n\n\n<p><\/p>\n\n\n\n<p><a href=\"https:\/\/kunst-gutachter.de\/roentgen-125-jahre-neue-einsichten\/\">&#8220;Multispektrale Bildgebung \u2013 Strahlendiagnostische Methoden zu Untersuchung von Kunstwerken&#8221;<\/a> (Pdf, 2,51 MB), Beitrag zur Ausstellung &#8220;R\u00f6ntgen \u2013 125 Jahre Neue Einsichten!\u201c, Julius-Maximilians-Universit\u00e4t W\u00fcrzburg, Sept. 2020.<\/p>\n\n\n\n<p><\/p>\n\n\n\n<p><a href=\"https:\/\/www.asscompact.de\/nachrichten\/kunstversicherung-wenn-der-sachverst%C3%A4ndige-ans-werk-muss\">&#8220;Kunstsachverst\u00e4ndige: Werte erkennen, Werte benennen&#8221;, in: AssCompact, Das Fachmagazin f\u00fcr Risiko- und Kapitalmanagement, Themenschwerpunkt Kunstversicherung, August 2018. &#8220;<\/a><\/p>\n\n\n\n<p><\/p>\n\n\n\n<p>&#8220;Erhaltungszustand und Wertverlust \u2013 Versicherung und Schaden&#8221;, in:&nbsp; <a href=\"http:\/\/www.van-ham.com\/van-ham\/van-ham-art-publications\/symposium-der-kunst-einen-wert-zuweisen.html\">Der Kunst einen Wert zuweisen<\/a>, Dokumentation zum Symposium 2017, Hrsg.: Sasa Hanten-Schmidt, Van Ham Art Publications, K\u00f6ln, 2017, ISBN: 978-3-00-057715-4<\/p>\n\n\n\n<p><\/p>\n\n\n\n<p>&#8220;Der Q-WERT als Voraussetzung zur Wertminderung bei Kunstwerken&#8221; in: Wertminderungen im Sachverst\u00e4ndigenwesen, Theorien zur Beurteilung und Berechnung, Hrsg. Willi Schmidbauer, M\u00fcnchen, 2016, ISBN: 978-3-7892-1833-0.<\/p>\n\n\n\n<p><\/p>\n\n\n\n<p><a href=\"http:\/\/www.notesaboutart.com\/?p=5234\">&#8220;Cheer up, young man, it could have been worse! A brief analysis of the Taipei painting incident&#8221;<\/a>, Blogbeitrag in &#8220;Notes about Art&#8221;, Wien Sept. 2015.<\/p>\n\n\n\n<p><\/p>\n\n\n\n<p><a href=\"https:\/\/kunst-gutachter.de\/1472\/\">\u201eThe painting technique and artistic method of Christian Schad (1894-1982). The DADA years in Zurich and Geneva 1915-1920 &#8211; Schadographies and Ripolinreliefs\u201d, Poster presentation at the conference \u201cFROM CAN TO CANVAS, Early uses of house paints by Picasso and his contemporaries\u201d, Marseille, May 25th -27th 2011.<\/a><\/p>\n\n\n\n<p><\/p>\n\n\n\n<p>\u201eSchadensermittlung und Schadensdefinition an polychromen Skulpturen\u201d, Nov. 2007 Cologne Fine Art, Kunstsachverst\u00e4ndigentag Bundesverband der Sachverst\u00e4ndigen (BVS), K\u00f6ln 2007.<\/p>\n\n\n\n<p><\/p>\n\n\n\n<p>\u201eDie Lage des Flecks\u201c (M\u00f6glichkeiten zur Qualifizierung von Sch\u00e4den, materielle und ideelle Aspekte eines Schadens), Antiquit\u00e4tenzeitung (Weltkunstverlag\/Zeitverlag), M\u00fcnchen, Okt. 2006.<\/p>\n\n\n\n<p><\/p>\n\n\n\n<h2 class=\"wp-block-heading\">University teaching<\/h2>\n\n\n\n<p><strong>Universities<\/strong><br>Julius-Maximilians-Universit\u00e4t W\u00fcrzburg, Museologie und materielle Kultur<br>Winterschool Cairo, Helwan University<br>Digital Winterschoool W\u00fcrzburg-Cairo<br>TU M\u00fcnchen, Lehrstuhl f\u00fcr Restaurierung, Kunsttechnologie und Konservierungswissenschaft<br>Tainan National University, of the Arts, Graduate Institute for conservation of cultural relics, Taiwan<br>Summerschool Bern, Hochschule der K\u00fcnste<br>Goering Institut e.V., M\u00fcnchen, Staatlich anerkannte Fachakademie zur Ausbildung von Restauratoren<br>&nbsp;<br><strong>Courses since 2007<\/strong><br><strong>in German<\/strong><br>\u201eNeue Perspektiven der Objektuntersuchung: Einf\u00fchrung in die Technische Kunstgeschichte\u201c<br>Lehrauftrag, Seminar, BA, MA<br>(Technical art history, lectureship)<br>&#8220;Die Bewertung von Kunst&#8221;<br>Werte-Workshop im Martin von Wagner Museum, BA<br>(Evaluation and appraisal of art, workshop)<br>&#8220;Schadensph\u00e4nomene Teil I: Gem\u00e4lde und Tafelbilder&#8221;<br>Workshop<br>(Detetecting and defining damages, part I: paintings on textile and wooden support)<br>&#8220;Schadensph\u00e4nomene Teil II: Plastik und Skulptur&#8221;<br>Workshop<br>(Detetecting and defining damages, part II: plastic and sculpture)<br>&#8220;Schadensph\u00e4nomene Teil III: Kunstwerke auf Papier&#8221;, Material, Technik, Sch\u00e4den und Dokumentation<br>Workshop, BA, MA<br>(Detetecting and defining damages, part III: paper based artwork)<br>&#8220;Handling, Verpackung und Reinigung von Museumsobjekten&#8221;<br>Workshop, MA<br>(Handling, packing and cleaning of museum objects, workshop)<br>&#8220;Pr\u00e4ventive Konservierung&#8221;<br>Nachhaltigkeit, Licht und Strahlung, Klima, Temperatur und Feuchte, Zustandsprotokoll und Facilityreport, Depotwesen (extern), Art in Transit, IPM Integrated Pest Management, Luftschadstoffe, Risikomanagement und Notfallplanung.<br>Lehrauftrag, Vorlesung, BA, MA, in German and English<br>(Preventive conservation, lectureship)<br>&#8220;Untersuchung von Kunstwerken im sichtbaren Licht und unter UV-Strahlung&#8221;<br>(Examination of artwork under UV and VIS)<br>&#8220;Biozidbelastung in Kunst- und Werkmaterial- PCP, Lindan, DDT und aktuelle M\u00f6glichkeiten zur Entgiftung\u201c<br>(Biocides in artwork and decontamination techniques)<br><strong>in English<\/strong><br>\u201eTechnical Art History \u2013 an introduction to the interdisciplinary research on art and art material\u201c<br>Lecture, BA\/MA, Jan. 2021<br>&#8220;Principles of Conservation&#8221; (2016)<br>&#8220;Bindingmedia and adhesives&#8221;<br>&#8220;Microscopic techniques for conservators&#8221; (Polarized Light Microscopy, Sample preparation, Crosssections, Pigment analysis)<br>&#8220;Western art material&#8221;<br>&#8220;Theory and practice in conservation (for undergraduates)&#8221;<br>&#8220;Pigments and dyes&#8221;<br>&#8220;Ethics in conservation&#8221;<br>&#8220;Photography for conservators&#8221;<br>&#8220;Western painting techniques&#8221;<br>&#8220;Preventive conservation&#8221;<br>&#8220;Conservation and restoration of polychrome wooden objects&#8221;<br>&#8220;Conservation and restoration of easel paintings&#8221;<br>&nbsp;<\/p>\n","protected":false},"excerpt":{"rendered":"<p>Selected lectures and publications Selected lectures &#8220;Der Nachkommenschaft zur Nachricht!&#8221;, Vortrag zur aktuellen Verortung der Restaurierung und AI \/&nbsp; KI als Kunstmedium und Werkzeug in der Restaurierung,&nbsp; Universit\u00e4t f\u00fcr Angewandte Kunst,&nbsp; dieangewandte, Wien, April 2024. &#8220;Ein Kunstwerk als Code: Was hei\u00dft das f\u00fcr Autor*Innenschaft und Original?&#8221;, Impulsreferat beim Summit \u201eUnchained: KI, Krypto &amp; Kunst. \u00dcber [&hellip;]<\/p>\n","protected":false},"author":1,"featured_media":2231,"parent":0,"menu_order":0,"comment_status":"closed","ping_status":"closed","template":"","meta":{"_coblocks_attr":"","_coblocks_dimensions":"","_coblocks_responsive_height":"","_coblocks_accordion_ie_support":"","hide_page_title":"","footnotes":""},"class_list":["post-2584","page","type-page","status-publish","has-post-thumbnail","hentry"],"_links":{"self":[{"href":"https:\/\/kunst-gutachter.de\/en\/wp-json\/wp\/v2\/pages\/2584","targetHints":{"allow":["GET"]}}],"collection":[{"href":"https:\/\/kunst-gutachter.de\/en\/wp-json\/wp\/v2\/pages"}],"about":[{"href":"https:\/\/kunst-gutachter.de\/en\/wp-json\/wp\/v2\/types\/page"}],"author":[{"embeddable":true,"href":"https:\/\/kunst-gutachter.de\/en\/wp-json\/wp\/v2\/users\/1"}],"replies":[{"embeddable":true,"href":"https:\/\/kunst-gutachter.de\/en\/wp-json\/wp\/v2\/comments?post=2584"}],"version-history":[{"count":5,"href":"https:\/\/kunst-gutachter.de\/en\/wp-json\/wp\/v2\/pages\/2584\/revisions"}],"predecessor-version":[{"id":3720,"href":"https:\/\/kunst-gutachter.de\/en\/wp-json\/wp\/v2\/pages\/2584\/revisions\/3720"}],"wp:featuredmedia":[{"embeddable":true,"href":"https:\/\/kunst-gutachter.de\/en\/wp-json\/wp\/v2\/media\/2231"}],"wp:attachment":[{"href":"https:\/\/kunst-gutachter.de\/en\/wp-json\/wp\/v2\/media?parent=2584"}],"curies":[{"name":"wp","href":"https:\/\/api.w.org\/{rel}","templated":true}]}}