{"id":2587,"date":"2021-11-13T12:35:13","date_gmt":"2021-11-13T11:35:13","guid":{"rendered":"https:\/\/kunst-gutachter.de\/?page_id=2587"},"modified":"2021-11-13T12:35:13","modified_gmt":"2021-11-13T11:35:13","slug":"links","status":"publish","type":"page","link":"https:\/\/kunst-gutachter.de\/en\/links\/","title":{"rendered":"Links"},"content":{"rendered":"<h1>Links<\/h1>\n<p><a href=\"https:\/\/kunst-gutachter.de\/restaurierung\/\"><img loading=\"lazy\" decoding=\"async\" class=\"alignnone wp-image-119\" src=\"https:\/\/kunst-gutachter.de\/wp-content\/uploads\/2016\/05\/Sabine-Bottler-Pracher-1-1.jpg\" alt=\"Sabine-Bottler-Pracher\" width=\"145\" height=\"188\"><\/a><br \/>\n<a href=\"https:\/\/kunst-gutachter.de\/restaurierung\">Konservierung und Restaurierung von Gem\u00e4lden und Skulpturen<\/a><br \/>\nDipl-Restauratorin Sabine Bottler-Pracher<br \/>\n&nbsp;<br \/>\n<a href=\"https:\/\/www.weltmalerei.de\"><img loading=\"lazy\" decoding=\"async\" class=\"alignnone wp-image-1819 size-thumbnail\" src=\"https:\/\/kunst-gutachter.de\/wp-content\/uploads\/2016\/05\/B-und-P-1-150x150.jpg\" width=\"150\" height=\"150\" srcset=\"https:\/\/kunst-gutachter.de\/wp-content\/uploads\/2016\/05\/B-und-P-1-150x150.jpg 150w, https:\/\/kunst-gutachter.de\/wp-content\/uploads\/2016\/05\/B-und-P-1-60x60.jpg 60w, https:\/\/kunst-gutachter.de\/wp-content\/uploads\/2016\/05\/B-und-P-1.jpg 244w\" sizes=\"auto, (max-width: 150px) 100vw, 150px\" \/><\/a><br \/>\nThe b+p Collection of Lost Artists<br \/>\n<a href=\"https:\/\/www.weltmalerei.de\">www.weltmalerei.de<\/a><br \/>\n&nbsp;<br \/>\n<a href=\"https:\/\/www.museologie.uni-wuerzburg.de\"><img loading=\"lazy\" decoding=\"async\" class=\"alignnone wp-image-118 \" src=\"https:\/\/kunst-gutachter.de\/wp-content\/uploads\/2016\/05\/logo-julius-maximilians-universitaet-wuerzburg-1-1.jpg\" alt=\"logo-julius-maximilians-universitaet-wuerzburg\" width=\"198\" height=\"87\"><\/a><br \/>\nJulius-Maximilians-Universit\u00e4t, Studiengang Museologie und materielle Kultur<br \/>\n<a href=\"https:\/\/www.museologie.uni-wuerzburg.de\">www.museologie.uni-wuerzburg.de<\/a><br \/>\n&nbsp;<br \/>\n<a href=\"https:\/\/www.rkk.ar.tum.de\"><img loading=\"lazy\" decoding=\"async\" class=\"alignnone wp-image-117 size-full\" src=\"https:\/\/kunst-gutachter.de\/wp-content\/uploads\/2016\/05\/tum-logo-1-1.png\" alt=\"tum-logo\" width=\"73\" height=\"38\"><\/a><br \/>\nTechnische Universit\u00e4t M\u00fcnchen, Lehrstuhl f\u00fcr Restaurierung, Kunsttechnologie und Konservierungswissenschaft<br \/>\n<a href=\"https:\/\/www.rkk.ar.tum.de\">www.rkk.ar.tum.de<\/a><br \/>\n&nbsp;<br \/>\n<a href=\"https:\/\/kunst-gutachter.de\/wp-content\/uploads\/2016\/05\/TNNUA-Logo-1-1.jpg\"><img loading=\"lazy\" decoding=\"async\" class=\"alignnone size-full wp-image-1404\" src=\"https:\/\/kunst-gutachter.de\/wp-content\/uploads\/2016\/05\/TNNUA-Logo-1-1.jpg\" alt=\"TNNUA Logo\" width=\"402\" height=\"109\"><\/a><br \/>\nTainan National University of the Arts<br \/>\n<a href=\"https:\/\/giccrmo.tnnua.edu.tw\/home.php?Lang=en\">www.tnnua.edu.tw<\/a><br \/>\n&nbsp;<br \/>\n<a href=\"https:\/\/www.bv-kunstsachverstaendiger.de\"><img loading=\"lazy\" decoding=\"async\" class=\"alignnone wp-image-115 \" src=\"https:\/\/kunst-gutachter.de\/wp-content\/uploads\/2016\/05\/BVK-1-1.jpg\" alt=\"BVK\" width=\"202\" height=\"78\"><\/a><br \/>\nBVK &#8211; Bundesverband Kunstsachverst\u00e4ndiger e.V.<br \/>\n<a href=\"http:\/\/www.bv-kunstsachverstaendiger.de\">www.bv-kunstsachverstaendiger.de<\/a><br \/>\n&nbsp;<br \/>\n<a href=\"https:\/\/www.lionsclubs.org\"><img loading=\"lazy\" decoding=\"async\" class=\"alignnone wp-image-114 size-thumbnail\" src=\"https:\/\/kunst-gutachter.de\/wp-content\/uploads\/2016\/05\/Lions-Club-Pracher-Kunst-1-150x150.png\" alt=\"Lions-Club-Pracher-Kunst\" width=\"150\" height=\"150\" srcset=\"https:\/\/kunst-gutachter.de\/wp-content\/uploads\/2016\/05\/Lions-Club-Pracher-Kunst-1-150x150.png 150w, https:\/\/kunst-gutachter.de\/wp-content\/uploads\/2016\/05\/Lions-Club-Pracher-Kunst-1-60x60.png 60w\" sizes=\"auto, (max-width: 150px) 100vw, 150px\" \/><\/a><br \/>\nLions Clubs International<br \/>\n<a href=\"https:\/\/www.lionsclubs.org\">www.lionsclubs.org<\/a><br \/>\n&nbsp;<br \/>\n<a href=\"https:\/\/https:\/\/www.icomos.de\/\"><img loading=\"lazy\" decoding=\"async\" class=\"alignnone wp-image-113 \" src=\"https:\/\/kunst-gutachter.de\/wp-content\/uploads\/2016\/05\/ICOMOS-PRacher-1-1.png\" alt=\"ICOMOS-PRacher\" width=\"202\" height=\"53\"><\/a><br \/>\nInternational Council on Monuments and Sites<br \/>\n<a href=\"https:\/\/www.icomos.de\/\">ICOMOS Deutsches Nationalkomitee<\/a><br \/>\n&nbsp;<br \/>\n<a href=\"https:\/\/kunst-gutachter.de\/wp-content\/uploads\/2016\/05\/fo\u0308rderkreis-realismus.png\"><img loading=\"lazy\" decoding=\"async\" class=\"alignnone size-full wp-image-112\" src=\"https:\/\/kunst-gutachter.de\/wp-content\/uploads\/2016\/05\/fo\u0308rderkreis-realismus.png\" alt=\"fo\u0308rderkreis-realismus\" width=\"107\" height=\"80\"><\/a><br \/>\n<a href=\"https:\/\/www.expressiverrealismus.de\">F\u00f6rderkreis Expressiver Realismus e.V.<\/a><br \/>\n&nbsp;<br \/>\n<a href=\"https:\/\/www.whenyouworkatamuseum.com\/\"><img loading=\"lazy\" decoding=\"async\" class=\"alignnone wp-image-529 \" src=\"https:\/\/kunst-gutachter.de\/wp-content\/uploads\/2016\/05\/Museumblog-1-300x48.jpg\" alt=\"Museumblog\" width=\"344\" height=\"55\" srcset=\"https:\/\/kunst-gutachter.de\/wp-content\/uploads\/2016\/05\/Museumblog-1-300x48.jpg 300w, https:\/\/kunst-gutachter.de\/wp-content\/uploads\/2016\/05\/Museumblog-1.jpg 556w\" sizes=\"auto, (max-width: 344px) 100vw, 344px\" \/><\/a><br \/>\n<a href=\"https:\/\/whenyouworkatamuseum.tumblr.com\/\" target=\"_blank\" rel=\"noopener\">https:\/\/whenyouworkatamuseum.tumblr.com\/<\/a><br \/>\n&nbsp;<br \/>\n<a href=\"https:\/\/arabisch-\u00fcbersetzer-deutschland.de\/\"><img loading=\"lazy\" decoding=\"async\" class=\"alignnone wp-image-530 \" src=\"https:\/\/arabisch-\u00fcbersetzer-deutschland.de\/wp-content\/themes\/sparkling\/arabisch-uebersetzer-logo-webseite.png\" alt=\"Arabisch Deutschland\" width=\"218\" height=\"116\"><\/a><br \/>\n<a href=\"https:\/\/arabisch-\u00fcbersetzer-deutschland.de\/\">arabisch-\u00fcbersetzer-deutschland.de<\/a><br \/>\n<a href=\"https:\/\/www.arabisch-\u00fcbersetzung-berlin.de\" target=\"_blank\" rel=\"noopener\">www.arabisch-\u00fcbersetzung-berlin.de<\/a><br \/>\n<a href=\"https:\/\/dubai-ticket-discount.com\/eintrittskarten-tickets-burj-khalifa\/\" target=\"_blank\" rel=\"noopener\">Burj Khalifa Tickets Eintrittskarten<\/a><br \/>\n<a href=\"https:\/\/dubai-ticket-discount.com\/dinner-lunch-at-burj-al-arab\/\" target=\"_blank\" rel=\"noopener\">Besichtigung Burj Al-Arab Dinner Abendessen<\/a><br \/>\n&nbsp;<br \/>\n<a href=\"www.inbarrique.de\"><img loading=\"lazy\" decoding=\"async\" class=\"alignnone wp-image-531 \" src=\"https:\/\/kunst-gutachter.de\/wp-content\/uploads\/2016\/05\/inbarrique-logo-1-300x58.png\" alt=\"inbarrique-logo\" width=\"202\" height=\"39\" srcset=\"https:\/\/kunst-gutachter.de\/wp-content\/uploads\/2016\/05\/inbarrique-logo-1-300x58.png 300w, https:\/\/kunst-gutachter.de\/wp-content\/uploads\/2016\/05\/inbarrique-logo-1.png 500w\" sizes=\"auto, (max-width: 202px) 100vw, 202px\" \/><\/a><br \/>\nThe best wines of Europe<br \/>\n<a href=\"https:\/\/www.inbarrique.de\" target=\"_blank\" rel=\"noopener\">www.inbarrique.de<\/a><\/p>\n","protected":false},"excerpt":{"rendered":"<p>Links Konservierung und Restaurierung von Gem\u00e4lden und Skulpturen Dipl-Restauratorin Sabine Bottler-Pracher &nbsp; The b+p Collection of Lost Artists www.weltmalerei.de &nbsp; Julius-Maximilians-Universit\u00e4t, Studiengang Museologie und materielle Kultur www.museologie.uni-wuerzburg.de &nbsp; Technische Universit\u00e4t M\u00fcnchen, Lehrstuhl f\u00fcr Restaurierung, Kunsttechnologie und Konservierungswissenschaft www.rkk.ar.tum.de &nbsp; Tainan National University of the Arts www.tnnua.edu.tw &nbsp; BVK &#8211; Bundesverband Kunstsachverst\u00e4ndiger e.V. www.bv-kunstsachverstaendiger.de &nbsp; Lions [&hellip;]<\/p>\n","protected":false},"author":1,"featured_media":2231,"parent":0,"menu_order":0,"comment_status":"closed","ping_status":"closed","template":"","meta":{"_coblocks_attr":"","_coblocks_dimensions":"","_coblocks_responsive_height":"","_coblocks_accordion_ie_support":"","hide_page_title":"","footnotes":""},"class_list":["post-2587","page","type-page","status-publish","has-post-thumbnail","hentry"],"_links":{"self":[{"href":"https:\/\/kunst-gutachter.de\/en\/wp-json\/wp\/v2\/pages\/2587","targetHints":{"allow":["GET"]}}],"collection":[{"href":"https:\/\/kunst-gutachter.de\/en\/wp-json\/wp\/v2\/pages"}],"about":[{"href":"https:\/\/kunst-gutachter.de\/en\/wp-json\/wp\/v2\/types\/page"}],"author":[{"embeddable":true,"href":"https:\/\/kunst-gutachter.de\/en\/wp-json\/wp\/v2\/users\/1"}],"replies":[{"embeddable":true,"href":"https:\/\/kunst-gutachter.de\/en\/wp-json\/wp\/v2\/comments?post=2587"}],"version-history":[{"count":1,"href":"https:\/\/kunst-gutachter.de\/en\/wp-json\/wp\/v2\/pages\/2587\/revisions"}],"predecessor-version":[{"id":2588,"href":"https:\/\/kunst-gutachter.de\/en\/wp-json\/wp\/v2\/pages\/2587\/revisions\/2588"}],"wp:featuredmedia":[{"embeddable":true,"href":"https:\/\/kunst-gutachter.de\/en\/wp-json\/wp\/v2\/media\/2231"}],"wp:attachment":[{"href":"https:\/\/kunst-gutachter.de\/en\/wp-json\/wp\/v2\/media?parent=2587"}],"curies":[{"name":"wp","href":"https:\/\/api.w.org\/{rel}","templated":true}]}}