{"id":2597,"date":"2021-11-13T12:40:45","date_gmt":"2021-11-13T11:40:45","guid":{"rendered":"https:\/\/kunst-gutachter.de\/?page_id=2597"},"modified":"2021-11-17T11:24:34","modified_gmt":"2021-11-17T10:24:34","slug":"damage-and-diminution-of-value","status":"publish","type":"page","link":"https:\/\/kunst-gutachter.de\/en\/genuine-or-fake\/damage-and-diminution-of-value\/","title":{"rendered":"DAMAGE AND DIMINUTION OF VALUE"},"content":{"rendered":"\n<h1 class=\"wp-block-heading\">DAMAGE AND DIMINUTION OF VALUE<\/h1>\n\n\n\n<p>The damage of an artworks requires in court or insurance cases the determination of the damage scope, the restoration possibilities and costs and the value diminution after restoration.<\/p>\n\n\n\n<div class=\"wp-block-image\"><figure class=\"alignleft is-resized\"><a href=\"https:\/\/kunst-gutachter.de\/wp-content\/uploads\/2016\/05\/Damage-1-1.jpg\"><img decoding=\"async\" src=\"https:\/\/kunst-gutachter.de\/wp-content\/uploads\/2016\/05\/Damage-1-1.jpg\" alt=\"Damage\" class=\"wp-image-556\" width=\"319\"\/><\/a><\/figure><\/div>\n\n\n\n<p>The sole description of the material damage, however, gives little information on the extent to which the damage impacts and effects a work of art.<\/p>\n\n\n\n<p>Art is defined by the duality of <strong>material<\/strong> (and material use) and <strong>appreciation<\/strong> of an object as a work of art. A damage can affect and change both aspects sustainably. This change in material and appreciation, if known, has a direct influence on pricing and the market chances of selling.<\/p>\n\n\n\n<p>Therefore, a work of art is <strong>less valuable after a damage<\/strong> and restoration. The monetary compensation, that the owner can expect after restoration, can be defined and explained in a comprehensible and transparent manner.<\/p>\n\n\n\n<h2 class=\"wp-block-heading\">MATERIAL AND IMMATERIAL ASPECTS OF A DAMAGE<\/h2>\n\n\n\n<p>Before identifying the <strong>value diminution after restoration<\/strong>, the individual significance of the damage to the artwork is to be determined by examining and evaluating the various material and immaterial aspects of the damage.<\/p>\n\n\n\n<p>The damage aspects include e.g. the &#8220;position of damage in the composition&#8221;, the &#8220;impairment of the technical and assigned function&#8221;, the &#8220;restorability&#8221; and the &#8220;impairment of artistic performance&#8221; to name a few.<\/p>\n\n\n\n<p>This definable individual <strong>meaning of the damage in percent<\/strong> forms the basis for the argumentation of the <strong>diminution of the value in percent<\/strong> of the artwork after restoration.<\/p>\n\n\n\n<p>+++++++++++++++++++++++++++++++++++++++<\/p>\n\n\n\n<h2 class=\"wp-block-heading\">Axioms on value and state of preservation after conservation\/restoration<\/h2>\n\n\n\n<h3 class=\"wp-block-heading\">Axiom 1<\/h3>\n\n\n\n<p>From the point of view of the conservator-restorer:<br>The starting point of the restoration consideration is the value and the state of preservation of the work of art after the damage event (Fig. point X). Accordingly, a conservation\/restoration can improve the value and state of preservation of the work of art beyond the starting point.<\/p>\n\n\n\n<h3 class=\"wp-block-heading\">Axiom 2<\/h3>\n\n\n\n<p>From the point of view of the damage assessor:<br>The starting point of the damage expert assessment is the value and the state of preservation of the work of art before the damage event (Fig. point A). Accordingly, a conservation\/restoration cannot improve the value and the state of preservation of the work of art beyond the starting point.<\/p>\n\n\n\n<figure class=\"wp-block-image size-large is-resized\"><a href=\"https:\/\/kunst-gutachter.de\/wp-content\/uploads\/2016\/05\/Restaurierung-Wertminderung-Logo-1.jpg\"><img decoding=\"async\" src=\"https:\/\/kunst-gutachter.de\/wp-content\/uploads\/2016\/05\/Restaurierung-Wertminderung-Logo-1-1024x471.jpg\" alt=\"\" class=\"wp-image-2424\" width=\"500\" srcset=\"https:\/\/kunst-gutachter.de\/wp-content\/uploads\/2016\/05\/Restaurierung-Wertminderung-Logo-1-1024x471.jpg 1024w, https:\/\/kunst-gutachter.de\/wp-content\/uploads\/2016\/05\/Restaurierung-Wertminderung-Logo-1-300x138.jpg 300w, https:\/\/kunst-gutachter.de\/wp-content\/uploads\/2016\/05\/Restaurierung-Wertminderung-Logo-1-768x353.jpg 768w, https:\/\/kunst-gutachter.de\/wp-content\/uploads\/2016\/05\/Restaurierung-Wertminderung-Logo-1.jpg 1057w\" sizes=\"(max-width: 1024px) 100vw, 1024px\" \/><\/a><figcaption> Fig .: &#8220;Diminution of value after restoration&#8221; is the difference between the &#8220;state of preservation and value point A before the damage&#8221;, and &#8220;state of preservation and value point B after the conservation\/restoration&#8221;. <\/figcaption><\/figure>\n\n\n\n<h2 class=\"wp-block-heading\">Publications of Dr. Pracher on value diminution of artworks<\/h2>\n\n\n\n<p><a href=\"https:\/\/www.asscompact.de\/nachrichten\/kunstversicherung-wenn-der-sachverst%C3%A4ndige-ans-werk-muss\">Pracher, Martin: \u201eKunstsachverst\u00e4ndige: Werte erkennen, Werte benennen\u201c, in: AssCompact, Das Fachmagazin f\u00fcr Risiko- und Kapitalmanagement, Themenschwerpunkt Kunstversicherung, August 2018.<\/a><\/p>\n\n\n\n<p>Pracher, Martin: \u201eErhaltungszustand und Wertverlust \u2013 Versicherung und Schaden\u201c, in:&nbsp; <a href=\"http:\/\/www.van-ham.com\/van-ham\/van-ham-art-publications\/symposium-der-kunst-einen-wert-zuweisen.html\">Der Kunst einen Wert zuweisen<\/a>, Dokumentation zum Symposium 2017, Hrsg.: Sasa Hanten-Schmidt, Van Ham Art Publications,&nbsp;K\u00f6ln, 2017, ISBN: 978-3-00-057715-4<\/p>\n\n\n\n<p>Pracher, Martin: \u201eDer Q-WERT als Voraussetzung zur Wertminderung bei Kunstwerken\u201c in:&nbsp;Wertminderungen im Sachverst\u00e4ndigenwesen, Theorien zur Beurteilung und Berechnung, Hrsg. Willi Schmidbauer, M\u00fcnchen, 2016, ISBN: 978-3-7892-1833-0.<\/p>\n\n\n\n<p>Pracher, Martin: \u201eDie Lage des Flecks\u201c (M\u00f6glichkeiten zur Qualifizierung von Sch\u00e4den, materielle und ideelle Aspekte eines Schadens), Antiquit\u00e4tenzeitung (Weltkunstverlag\/Zeitverlag), M\u00fcnchen, Okt. 2006.<\/p>\n\n\n\n<p>sowie zahlreiche <a href=\"https:\/\/kunst-gutachter.de\/publikationen-und-vorlesungen\/\">Vortr\u00e4ge <\/a>zu Wert und Wertminderung von Kunstwerken.<\/p>\n","protected":false},"excerpt":{"rendered":"<p>DAMAGE AND DIMINUTION OF VALUE The damage of an artworks requires in court or insurance cases the determination of the damage scope, the restoration possibilities and costs and the value diminution after restoration. The sole description of the material damage, however, gives little information on the extent to which the damage impacts and effects a [&hellip;]<\/p>\n","protected":false},"author":1,"featured_media":2231,"parent":2580,"menu_order":0,"comment_status":"closed","ping_status":"closed","template":"","meta":{"_coblocks_attr":"","_coblocks_dimensions":"","_coblocks_responsive_height":"","_coblocks_accordion_ie_support":"","hide_page_title":"","footnotes":""},"class_list":["post-2597","page","type-page","status-publish","has-post-thumbnail","hentry"],"_links":{"self":[{"href":"https:\/\/kunst-gutachter.de\/en\/wp-json\/wp\/v2\/pages\/2597","targetHints":{"allow":["GET"]}}],"collection":[{"href":"https:\/\/kunst-gutachter.de\/en\/wp-json\/wp\/v2\/pages"}],"about":[{"href":"https:\/\/kunst-gutachter.de\/en\/wp-json\/wp\/v2\/types\/page"}],"author":[{"embeddable":true,"href":"https:\/\/kunst-gutachter.de\/en\/wp-json\/wp\/v2\/users\/1"}],"replies":[{"embeddable":true,"href":"https:\/\/kunst-gutachter.de\/en\/wp-json\/wp\/v2\/comments?post=2597"}],"version-history":[{"count":4,"href":"https:\/\/kunst-gutachter.de\/en\/wp-json\/wp\/v2\/pages\/2597\/revisions"}],"predecessor-version":[{"id":2664,"href":"https:\/\/kunst-gutachter.de\/en\/wp-json\/wp\/v2\/pages\/2597\/revisions\/2664"}],"up":[{"embeddable":true,"href":"https:\/\/kunst-gutachter.de\/en\/wp-json\/wp\/v2\/pages\/2580"}],"wp:featuredmedia":[{"embeddable":true,"href":"https:\/\/kunst-gutachter.de\/en\/wp-json\/wp\/v2\/media\/2231"}],"wp:attachment":[{"href":"https:\/\/kunst-gutachter.de\/en\/wp-json\/wp\/v2\/media?parent=2597"}],"curies":[{"name":"wp","href":"https:\/\/api.w.org\/{rel}","templated":true}]}}